{"id":52783,"date":"2023-03-06T13:53:28","date_gmt":"2023-03-06T12:53:28","guid":{"rendered":"https:\/\/xn--bckerkleidung-bfb.de\/?page_id=52783"},"modified":"2023-04-11T11:43:45","modified_gmt":"2023-04-11T09:43:45","slug":"sonderanfertigungen-2","status":"publish","type":"page","link":"https:\/\/xn--bckerkleidung-bfb.de\/index.php\/sonderanfertigungen-2\/","title":{"rendered":"Sonderanfertigungen"},"content":{"rendered":"<p>[et_pb_section fb_built=&#8220;1&#8243; _builder_version=&#8220;4.19.5&#8243; background_color=&#8220;#c5bbb6&#8243; use_background_color_gradient=&#8220;on&#8220; background_color_gradient_direction=&#8220;213deg&#8220; background_color_gradient_stops=&#8220;#4c443f 0%|#c5bbb6 98%&#8220; background_color_gradient_start=&#8220;#232ea8&#8243; background_color_gradient_end=&#8220;#32baff&#8220; custom_padding=&#8220;40px||40px||true|false&#8220; global_colors_info=&#8220;{}&#8220;][et_pb_row use_custom_gutter=&#8220;on&#8220; gutter_width=&#8220;2&#8243; make_equal=&#8220;on&#8220; _builder_version=&#8220;4.16&#8243; width=&#8220;90%&#8220; max_width=&#8220;1170px&#8220; max_width_tablet=&#8220;90%&#8220; max_width_phone=&#8220;90%&#8220; max_width_last_edited=&#8220;on|desktop&#8220; custom_padding=&#8220;0px||0px||true|false&#8220; global_colors_info=&#8220;{}&#8220;][et_pb_column type=&#8220;4_4&#8243; _builder_version=&#8220;4.16&#8243; global_colors_info=&#8220;{}&#8220;][et_pb_blurb title=&#8220;SONDERANFERTIGUNGEN&#8220; icon_placement=&#8220;left&#8220; image_icon_width=&#8220;70px&#8220; content_max_width=&#8220;100%&#8220; image_icon_width_tablet=&#8220;&#8220; image_icon_width_phone=&#8220;55px&#8220; image_icon_width_last_edited=&#8220;on|phone&#8220; _builder_version=&#8220;4.20.0&#8243; header_font=&#8220;Poppins|900|||||||&#8220; header_text_align=&#8220;center&#8220; header_text_color=&#8220;rgba(255,255,255,0.51)&#8220; header_font_size=&#8220;50px&#8220; header_line_height=&#8220;1.4em&#8220; text_orientation=&#8220;center&#8220; custom_margin=&#8220;14px|||0px|false|false&#8220; animation=&#8220;off&#8220; header_font_size_tablet=&#8220;20px&#8220; header_font_size_phone=&#8220;20px&#8220; header_font_size_last_edited=&#8220;on|phone&#8220; header_line_height_tablet=&#8220;3.3em&#8220; header_line_height_phone=&#8220;1.4em&#8220; header_line_height_last_edited=&#8220;on|phone&#8220; image_max_width=&#8220;70px&#8220; image_max_width_tablet=&#8220;&#8220; image_max_width_phone=&#8220;55px&#8220; image_max_width_last_edited=&#8220;on|phone&#8220; global_colors_info=&#8220;{}&#8220;][\/et_pb_blurb][\/et_pb_column][\/et_pb_row][\/et_pb_section][et_pb_section fb_built=&#8220;1&#8243; specialty=&#8220;on&#8220; _builder_version=&#8220;4.16&#8243; background_color=&#8220;#383838&#8243; background_color_gradient_direction=&#8220;213deg&#8220; background_image=&#8220;https:\/\/xn--bckerkleidung-bfb.de\/wp-content\/uploads\/2023\/02\/Slider-sonderanfertigungen.jpg&#8220; min_height=&#8220;515px&#8220; custom_padding=&#8220;80px||26px||false|&#8220; global_colors_info=&#8220;{}&#8220;][et_pb_column type=&#8220;1_2&#8243; specialty_columns=&#8220;2&#8243; _builder_version=&#8220;4.16&#8243; custom_padding=&#8220;|||&#8220; global_colors_info=&#8220;{}&#8220; custom_padding__hover=&#8220;|||&#8220;][\/et_pb_column][et_pb_column type=&#8220;1_2&#8243; _builder_version=&#8220;4.16&#8243; custom_padding=&#8220;|||&#8220; global_colors_info=&#8220;{}&#8220; custom_padding__hover=&#8220;|||&#8220;][\/et_pb_column][\/et_pb_section][et_pb_section fb_built=&#8220;1&#8243; _builder_version=&#8220;4.16&#8243; custom_padding=&#8220;48px|0px|0px|0px|false|false&#8220; global_colors_info=&#8220;{}&#8220;][et_pb_row _builder_version=&#8220;4.16&#8243; global_colors_info=&#8220;{}&#8220;][et_pb_column type=&#8220;4_4&#8243; _builder_version=&#8220;4.16&#8243; custom_padding=&#8220;|||&#8220; global_colors_info=&#8220;{}&#8220; custom_padding__hover=&#8220;|||&#8220;][et_pb_text _builder_version=&#8220;4.20.4&#8243; text_font=&#8220;Roboto|300|||||||&#8220; text_text_color=&#8220;#000000&#8243; text_line_height=&#8220;1.8em&#8220; header_font=&#8220;Nunito Sans|700|||||||&#8220; header_text_color=&#8220;#297FCA&#8220; header_line_height=&#8220;1.3em&#8220; text_orientation=&#8220;center&#8220; max_width_tablet=&#8220;&#8220; max_width_phone=&#8220;98%&#8220; max_width_last_edited=&#8220;on|desktop&#8220; module_alignment=&#8220;center&#8220; custom_margin=&#8220;-22px||&#8220; hover_enabled=&#8220;0&#8243; global_colors_info=&#8220;{}&#8220; text_font_size=&#8220;19px&#8220; sticky_enabled=&#8220;0&#8243;]<\/p>\n<p><strong>Corporate Fashion, Private Label und Image Berufskleidung fertigen wir individuell nach deinen W\u00fcnschen.<\/strong><\/p>\n<p>[\/et_pb_text][et_pb_text _builder_version=&#8220;4.20.2&#8243; text_font=&#8220;Nunito Sans||||||||&#8220; text_text_color=&#8220;#5499D4&#8243; text_font_size=&#8220;16px&#8220; header_font=&#8220;Nunito Sans|800||on|||||&#8220; header_text_align=&#8220;center&#8220; header_text_color=&#8220;#4C443F&#8220; header_line_height=&#8220;1.3em&#8220; max_width_phone=&#8220;98%&#8220; max_width_last_edited=&#8220;off|desktop&#8220; module_alignment=&#8220;center&#8220; custom_margin=&#8220;||-2px|||&#8220; global_colors_info=&#8220;{}&#8220;]<\/p>\n<h1><strong>Stand out from the crowd \u2013 heb Dich von der Masse ab! <\/strong><br \/><strong> Von der Idee bis zu Deinem Produkt sind wir Dein Partner<\/strong><\/h1>\n<p>[\/et_pb_text][\/et_pb_column][\/et_pb_row][et_pb_row _builder_version=&#8220;4.16&#8243; custom_padding=&#8220;10px|||||&#8220; global_colors_info=&#8220;{}&#8220;][et_pb_column type=&#8220;4_4&#8243; _builder_version=&#8220;4.16&#8243; custom_padding=&#8220;|||&#8220; global_colors_info=&#8220;{}&#8220; custom_padding__hover=&#8220;|||&#8220;][et_pb_text _builder_version=&#8220;4.20.4&#8243; text_font=&#8220;Roboto|300|||||||&#8220; text_text_color=&#8220;#000000&#8243; text_line_height=&#8220;1.8em&#8220; header_font=&#8220;Nunito Sans|700|||||||&#8220; header_text_color=&#8220;#297FCA&#8220; header_line_height=&#8220;1.3em&#8220; text_orientation=&#8220;center&#8220; custom_margin=&#8220;||-3px|||&#8220; hover_enabled=&#8220;0&#8243; global_colors_info=&#8220;{}&#8220; text_font_size=&#8220;19px&#8220; sticky_enabled=&#8220;0&#8243;]<\/p>\n<p>Wir liefern dir Poloshirts, Hemden\/Blusen, Sweatshirts, T-Shirts, Baseballcaps, Berufskleidung, Imagekleidung, Bistrosch\u00fcrzen und passende Halst\u00fccher oder Schl\u00fcsselb\u00e4nder und vieles mehr in deinen Firmenfarben und mit deinen Logos, damit sich deine Mitarbeiter mit deinem Unternehmen identifizieren und wohlf\u00fchlen.<\/p>\n<p>[\/et_pb_text][\/et_pb_column][\/et_pb_row][et_pb_row _builder_version=&#8220;4.20.4&#8243; _module_preset=&#8220;default&#8220; custom_padding=&#8220;4px|||||&#8220; global_colors_info=&#8220;{}&#8220;][et_pb_column type=&#8220;4_4&#8243; _builder_version=&#8220;4.20.4&#8243; _module_preset=&#8220;default&#8220; global_colors_info=&#8220;{}&#8220;][dipl_before_after_slider before_image=&#8220;https:\/\/xn--bckerkleidung-bfb.de\/wp-content\/uploads\/2023\/04\/Kate-Bluse-07-Classic-fit-Kurzarm1.jpg&#8220; after_image=&#8220;https:\/\/xn--bckerkleidung-bfb.de\/wp-content\/uploads\/2023\/04\/Kate-Bluse-07-Classic-fit-Kurzarm2.jpg&#8220; show_after_label=&#8220;on&#8220; move_on_hover=&#8220;on&#8220; slider_handle_color=&#8220;#4C443F&#8220; _builder_version=&#8220;4.20.4&#8243; _module_preset=&#8220;default&#8220; width=&#8220;82%&#8220; max_width=&#8220;77%&#8220; module_alignment=&#8220;center&#8220; global_colors_info=&#8220;{}&#8220;][\/dipl_before_after_slider][\/et_pb_column][\/et_pb_row][\/et_pb_section][et_pb_section fb_built=&#8220;1&#8243; _builder_version=&#8220;4.20.2&#8243; background_color=&#8220;#C5BBB6&#8243; custom_padding=&#8220;48px|0px|48px|0px|true|false&#8220; global_colors_info=&#8220;{}&#8220;][et_pb_row _builder_version=&#8220;4.16&#8243; custom_padding=&#8220;|0px||0px|false|false&#8220; global_colors_info=&#8220;{}&#8220;][et_pb_column type=&#8220;4_4&#8243; _builder_version=&#8220;4.16&#8243; custom_padding=&#8220;|||&#8220; global_colors_info=&#8220;{}&#8220; custom_padding__hover=&#8220;|||&#8220;][et_pb_gallery gallery_ids=&#8220;52912,52913,52914,52915,53028,52916,52917,52918&#8243; posts_number=&#8220;8&#8243; orientation=&#8220;portrait&#8220; show_title_and_caption=&#8220;off&#8220; show_pagination=&#8220;off&#8220; hover_icon=&#8220;&#x54;||divi||400&#8243; _builder_version=&#8220;4.20.4&#8243; _module_preset=&#8220;default&#8220; hover_enabled=&#8220;0&#8243; box_shadow_style_image=&#8220;preset3&#8243; global_colors_info=&#8220;{}&#8220; sticky_enabled=&#8220;0&#8243;][\/et_pb_gallery][\/et_pb_column][\/et_pb_row][\/et_pb_section][et_pb_section fb_built=&#8220;1&#8243; _builder_version=&#8220;4.20.0&#8243; background_color=&#8220;rgba(196,184,176,0.47)&#8220; custom_padding=&#8220;50px|0px|50px|0px|true|false&#8220; border_width_top=&#8220;10px&#8220; border_color_top=&#8220;#4c443f&#8220; saved_tabs=&#8220;all&#8220; global_colors_info=&#8220;{}&#8220;][et_pb_row _builder_version=&#8220;4.16&#8243; global_colors_info=&#8220;{}&#8220;][et_pb_column type=&#8220;4_4&#8243; _builder_version=&#8220;4.16&#8243; global_colors_info=&#8220;{}&#8220;][et_pb_text _builder_version=&#8220;4.16&#8243; text_font=&#8220;Roboto|300||on|||||&#8220; text_text_color=&#8220;#000000&#8243; text_font_size=&#8220;27px&#8220; text_line_height=&#8220;1.8em&#8220; header_font=&#8220;Nunito Sans|700|||||||&#8220; header_text_color=&#8220;#297FCA&#8220; header_line_height=&#8220;1.3em&#8220; text_orientation=&#8220;center&#8220; max_width=&#8220;700px&#8220; max_width_phone=&#8220;98%&#8220; max_width_last_edited=&#8220;off|desktop&#8220; module_alignment=&#8220;center&#8220; custom_margin=&#8220;-22px||&#8220; global_colors_info=&#8220;{}&#8220;]<strong>Wir sind f\u00fcr Dich da und helfen Dir, das beste Produkt zum besten Preis zu bekommen.<\/strong>[\/et_pb_text][\/et_pb_column][\/et_pb_row][et_pb_row _builder_version=&#8220;4.16&#8243; custom_padding=&#8220;|0px||0px|false|false&#8220; global_colors_info=&#8220;{}&#8220;][et_pb_column type=&#8220;4_4&#8243; _builder_version=&#8220;4.16&#8243; custom_padding=&#8220;|||&#8220; global_colors_info=&#8220;{}&#8220; custom_padding__hover=&#8220;|||&#8220;][et_pb_contact_form email=&#8220;info@leos-service.de&#8220; success_message=&#8220;Vielen Dank f\u00fcr Deine Nachricht.&#8220; _builder_version=&#8220;4.20.0&#8243; _module_preset=&#8220;default&#8220; _unique_id=&#8220;a7cddb0e-91b2-4ad3-8102-5e8fcb937a81&#8243; form_field_background_color=&#8220;#ffffff&#8220; custom_button=&#8220;on&#8220; button_text_color=&#8220;#4c443f&#8220; global_colors_info=&#8220;{}&#8220; button_bg_color__hover_enabled=&#8220;on|hover&#8220; button_bg_color__hover=&#8220;#FFFFFF&#8220; button_bg_enable_color__hover=&#8220;on&#8220;][et_pb_contact_field field_id=&#8220;Firma&#8220; field_title=&#8220;Firma&#8220; required_mark=&#8220;off&#8220; fullwidth_field=&#8220;on&#8220; _builder_version=&#8220;4.16&#8243; global_colors_info=&#8220;{}&#8220; button_text_size__hover_enabled=&#8220;off&#8220; button_one_text_size__hover_enabled=&#8220;off&#8220; button_two_text_size__hover_enabled=&#8220;off&#8220; button_text_color__hover_enabled=&#8220;off&#8220; button_one_text_color__hover_enabled=&#8220;off&#8220; button_two_text_color__hover_enabled=&#8220;off&#8220; button_border_width__hover_enabled=&#8220;off&#8220; button_one_border_width__hover_enabled=&#8220;off&#8220; button_two_border_width__hover_enabled=&#8220;off&#8220; button_border_color__hover_enabled=&#8220;off&#8220; button_one_border_color__hover_enabled=&#8220;off&#8220; button_two_border_color__hover_enabled=&#8220;off&#8220; button_border_radius__hover_enabled=&#8220;off&#8220; button_one_border_radius__hover_enabled=&#8220;off&#8220; button_two_border_radius__hover_enabled=&#8220;off&#8220; button_letter_spacing__hover_enabled=&#8220;off&#8220; button_one_letter_spacing__hover_enabled=&#8220;off&#8220; button_two_letter_spacing__hover_enabled=&#8220;off&#8220; button_bg_color__hover_enabled=&#8220;off&#8220; button_one_bg_color__hover_enabled=&#8220;off&#8220; button_two_bg_color__hover_enabled=&#8220;off&#8220;][\/et_pb_contact_field][et_pb_contact_field field_id=&#8220;Vorname&#8220; field_title=&#8220;Vorname&#8220; _builder_version=&#8220;4.16&#8243; global_colors_info=&#8220;{}&#8220; button_text_size__hover_enabled=&#8220;off&#8220; button_one_text_size__hover_enabled=&#8220;off&#8220; button_two_text_size__hover_enabled=&#8220;off&#8220; button_text_color__hover_enabled=&#8220;off&#8220; button_one_text_color__hover_enabled=&#8220;off&#8220; button_two_text_color__hover_enabled=&#8220;off&#8220; button_border_width__hover_enabled=&#8220;off&#8220; button_one_border_width__hover_enabled=&#8220;off&#8220; button_two_border_width__hover_enabled=&#8220;off&#8220; button_border_color__hover_enabled=&#8220;off&#8220; button_one_border_color__hover_enabled=&#8220;off&#8220; button_two_border_color__hover_enabled=&#8220;off&#8220; button_border_radius__hover_enabled=&#8220;off&#8220; button_one_border_radius__hover_enabled=&#8220;off&#8220; button_two_border_radius__hover_enabled=&#8220;off&#8220; button_letter_spacing__hover_enabled=&#8220;off&#8220; button_one_letter_spacing__hover_enabled=&#8220;off&#8220; button_two_letter_spacing__hover_enabled=&#8220;off&#8220; button_bg_color__hover_enabled=&#8220;off&#8220; button_one_bg_color__hover_enabled=&#8220;off&#8220; button_two_bg_color__hover_enabled=&#8220;off&#8220;][\/et_pb_contact_field][et_pb_contact_field field_id=&#8220;Name&#8220; field_title=&#8220;Name&#8220; _builder_version=&#8220;4.16&#8243; global_colors_info=&#8220;{}&#8220; button_text_size__hover_enabled=&#8220;off&#8220; button_one_text_size__hover_enabled=&#8220;off&#8220; button_two_text_size__hover_enabled=&#8220;off&#8220; button_text_color__hover_enabled=&#8220;off&#8220; button_one_text_color__hover_enabled=&#8220;off&#8220; button_two_text_color__hover_enabled=&#8220;off&#8220; button_border_width__hover_enabled=&#8220;off&#8220; button_one_border_width__hover_enabled=&#8220;off&#8220; button_two_border_width__hover_enabled=&#8220;off&#8220; button_border_color__hover_enabled=&#8220;off&#8220; button_one_border_color__hover_enabled=&#8220;off&#8220; button_two_border_color__hover_enabled=&#8220;off&#8220; button_border_radius__hover_enabled=&#8220;off&#8220; button_one_border_radius__hover_enabled=&#8220;off&#8220; button_two_border_radius__hover_enabled=&#8220;off&#8220; button_letter_spacing__hover_enabled=&#8220;off&#8220; button_one_letter_spacing__hover_enabled=&#8220;off&#8220; button_two_letter_spacing__hover_enabled=&#8220;off&#8220; button_bg_color__hover_enabled=&#8220;off&#8220; button_one_bg_color__hover_enabled=&#8220;off&#8220; button_two_bg_color__hover_enabled=&#8220;off&#8220;][\/et_pb_contact_field][et_pb_contact_field field_id=&#8220;Telefon&#8220; field_title=&#8220;Telefon&#8220; required_mark=&#8220;off&#8220; _builder_version=&#8220;4.16&#8243; global_colors_info=&#8220;{}&#8220; button_text_size__hover_enabled=&#8220;off&#8220; button_one_text_size__hover_enabled=&#8220;off&#8220; button_two_text_size__hover_enabled=&#8220;off&#8220; button_text_color__hover_enabled=&#8220;off&#8220; button_one_text_color__hover_enabled=&#8220;off&#8220; button_two_text_color__hover_enabled=&#8220;off&#8220; button_border_width__hover_enabled=&#8220;off&#8220; button_one_border_width__hover_enabled=&#8220;off&#8220; button_two_border_width__hover_enabled=&#8220;off&#8220; button_border_color__hover_enabled=&#8220;off&#8220; button_one_border_color__hover_enabled=&#8220;off&#8220; button_two_border_color__hover_enabled=&#8220;off&#8220; button_border_radius__hover_enabled=&#8220;off&#8220; button_one_border_radius__hover_enabled=&#8220;off&#8220; button_two_border_radius__hover_enabled=&#8220;off&#8220; button_letter_spacing__hover_enabled=&#8220;off&#8220; button_one_letter_spacing__hover_enabled=&#8220;off&#8220; button_two_letter_spacing__hover_enabled=&#8220;off&#8220; button_bg_color__hover_enabled=&#8220;off&#8220; button_one_bg_color__hover_enabled=&#8220;off&#8220; button_two_bg_color__hover_enabled=&#8220;off&#8220;][\/et_pb_contact_field][et_pb_contact_field field_id=&#8220;Email&#8220; field_title=&#8220;E-Mail-Adresse&#8220; field_type=&#8220;email&#8220; _builder_version=&#8220;4.16&#8243; global_colors_info=&#8220;{}&#8220; button_text_size__hover_enabled=&#8220;off&#8220; button_one_text_size__hover_enabled=&#8220;off&#8220; button_two_text_size__hover_enabled=&#8220;off&#8220; button_text_color__hover_enabled=&#8220;off&#8220; button_one_text_color__hover_enabled=&#8220;off&#8220; button_two_text_color__hover_enabled=&#8220;off&#8220; button_border_width__hover_enabled=&#8220;off&#8220; button_one_border_width__hover_enabled=&#8220;off&#8220; button_two_border_width__hover_enabled=&#8220;off&#8220; button_border_color__hover_enabled=&#8220;off&#8220; button_one_border_color__hover_enabled=&#8220;off&#8220; button_two_border_color__hover_enabled=&#8220;off&#8220; button_border_radius__hover_enabled=&#8220;off&#8220; button_one_border_radius__hover_enabled=&#8220;off&#8220; button_two_border_radius__hover_enabled=&#8220;off&#8220; button_letter_spacing__hover_enabled=&#8220;off&#8220; button_one_letter_spacing__hover_enabled=&#8220;off&#8220; button_two_letter_spacing__hover_enabled=&#8220;off&#8220; button_bg_color__hover_enabled=&#8220;off&#8220; button_one_bg_color__hover_enabled=&#8220;off&#8220; button_two_bg_color__hover_enabled=&#8220;off&#8220;][\/et_pb_contact_field][et_pb_contact_field field_id=&#8220;Nachricht&#8220; field_title=&#8220;Nachricht&#8220; field_type=&#8220;text&#8220; fullwidth_field=&#8220;on&#8220; _builder_version=&#8220;4.16&#8243; global_colors_info=&#8220;{}&#8220; button_text_size__hover_enabled=&#8220;off&#8220; button_one_text_size__hover_enabled=&#8220;off&#8220; button_two_text_size__hover_enabled=&#8220;off&#8220; button_text_color__hover_enabled=&#8220;off&#8220; button_one_text_color__hover_enabled=&#8220;off&#8220; button_two_text_color__hover_enabled=&#8220;off&#8220; button_border_width__hover_enabled=&#8220;off&#8220; button_one_border_width__hover_enabled=&#8220;off&#8220; button_two_border_width__hover_enabled=&#8220;off&#8220; button_border_color__hover_enabled=&#8220;off&#8220; button_one_border_color__hover_enabled=&#8220;off&#8220; button_two_border_color__hover_enabled=&#8220;off&#8220; button_border_radius__hover_enabled=&#8220;off&#8220; button_one_border_radius__hover_enabled=&#8220;off&#8220; button_two_border_radius__hover_enabled=&#8220;off&#8220; button_letter_spacing__hover_enabled=&#8220;off&#8220; button_one_letter_spacing__hover_enabled=&#8220;off&#8220; button_two_letter_spacing__hover_enabled=&#8220;off&#8220; button_bg_color__hover_enabled=&#8220;off&#8220; button_one_bg_color__hover_enabled=&#8220;off&#8220; button_two_bg_color__hover_enabled=&#8220;off&#8220;][\/et_pb_contact_field][et_pb_contact_field field_id=&#8220;Datenschutz&#8220; field_title=&#8220;Datenschutz&#8220; field_type=&#8220;checkbox&#8220; checkbox_options=&#8220;%91{%22value%22:%22MIT DEM ABSENDEN DES KONTAKTFORMULARS ERKL\u00c4RST DU DICH DAMIT EINVERSTANDEN, DASS DEINE DATEN ZUR BEARBEITUNG DEINES ANLIEGENS VERWENDET WERDEN. WEITERE INFORMATIONEN UND WIDERRUFSHINWEISE FINDEST DU IN DER %22,%22checked%22:0,%22dragID%22:-1,%22link_url%22:%22\/datenschutz\/%22,%22link_text%22:%22DATENSCHUTZERKL\u00c4RUNG.%22}%93&#8243; fullwidth_field=&#8220;on&#8220; _builder_version=&#8220;4.16&#8243; _module_preset=&#8220;default&#8220; global_colors_info=&#8220;{}&#8220;][\/et_pb_contact_field][\/et_pb_contact_form][\/et_pb_column][\/et_pb_row][\/et_pb_section]<\/p>\n","protected":false},"excerpt":{"rendered":"<p>Corporate Fashion, Private Label und Image Berufskleidung fertigen wir individuell nach deinen W\u00fcnschen.Stand out from the crowd \u2013 heb Dich von der Masse ab! Von der Idee bis zu Deinem Produkt sind wir Dein PartnerWir liefern dir Poloshirts, Hemden\/Blusen, Sweatshirts, T-Shirts, Baseballcaps, Berufskleidung, Imagekleidung, Bistrosch\u00fcrzen und passende Halst\u00fccher oder Schl\u00fcsselb\u00e4nder und vieles mehr in deinen [&hellip;]<\/p>\n","protected":false},"author":1,"featured_media":0,"parent":0,"menu_order":0,"comment_status":"closed","ping_status":"closed","template":"","meta":{"_et_pb_use_builder":"on","_et_pb_old_content":"","_et_gb_content_width":"","footnotes":""},"class_list":["post-52783","page","type-page","status-publish","hentry"],"yoast_head":"<!-- This site is optimized with the Yoast SEO plugin v20.6 - https:\/\/yoast.com\/wordpress\/plugins\/seo\/ -->\n<title>Sonderanfertigungen - B\u00e4ckerkleidung.de<\/title>\n<meta name=\"robots\" content=\"index, follow, max-snippet:-1, max-image-preview:large, max-video-preview:-1\" \/>\n<link rel=\"canonical\" href=\"https:\/\/xn--bckerkleidung-bfb.de\/index.php\/sonderanfertigungen-2\/\" \/>\n<meta property=\"og:locale\" content=\"de_DE\" \/>\n<meta property=\"og:type\" content=\"article\" \/>\n<meta property=\"og:title\" content=\"Sonderanfertigungen - B\u00e4ckerkleidung.de\" \/>\n<meta property=\"og:description\" content=\"Unser SortimentIndustrieHandwerkMedizinGastroB\u00e4ckereienGaLaBauSicherheitsschuheWarnschutzEinwegkleidungArbeitshandschuheSonderanfertigungen Zubeh\u00f6rTextildruckStickereiHACCPUV-SchutzMultinormKopfbedeckungenSchutzbrillenAtemschutzKnieschonerSoziale VerantwortungNachhaltigkeitKlimaneutraler Versand\" \/>\n<meta property=\"og:url\" content=\"https:\/\/xn--bckerkleidung-bfb.de\/index.php\/sonderanfertigungen-2\/\" \/>\n<meta property=\"og:site_name\" content=\"B\u00e4ckerkleidung.de\" \/>\n<meta property=\"article:modified_time\" content=\"2023-04-11T09:43:45+00:00\" \/>\n<meta name=\"twitter:card\" content=\"summary_large_image\" \/>\n<meta name=\"twitter:label1\" content=\"Gesch\u00e4tzte Lesezeit\" \/>\n\t<meta name=\"twitter:data1\" content=\"10\u00a0Minuten\" \/>\n<script type=\"application\/ld+json\" class=\"yoast-schema-graph\">{\"@context\":\"https:\/\/schema.org\",\"@graph\":[{\"@type\":\"WebPage\",\"@id\":\"https:\/\/xn--bckerkleidung-bfb.de\/index.php\/sonderanfertigungen-2\/\",\"url\":\"https:\/\/xn--bckerkleidung-bfb.de\/index.php\/sonderanfertigungen-2\/\",\"name\":\"Sonderanfertigungen - B\u00e4ckerkleidung.de\",\"isPartOf\":{\"@id\":\"https:\/\/xn--bckerkleidung-bfb.de\/#website\"},\"datePublished\":\"2023-03-06T12:53:28+00:00\",\"dateModified\":\"2023-04-11T09:43:45+00:00\",\"breadcrumb\":{\"@id\":\"https:\/\/xn--bckerkleidung-bfb.de\/index.php\/sonderanfertigungen-2\/#breadcrumb\"},\"inLanguage\":\"de\",\"potentialAction\":[{\"@type\":\"ReadAction\",\"target\":[\"https:\/\/xn--bckerkleidung-bfb.de\/index.php\/sonderanfertigungen-2\/\"]}]},{\"@type\":\"BreadcrumbList\",\"@id\":\"https:\/\/xn--bckerkleidung-bfb.de\/index.php\/sonderanfertigungen-2\/#breadcrumb\",\"itemListElement\":[{\"@type\":\"ListItem\",\"position\":1,\"name\":\"Startseite\",\"item\":\"https:\/\/xn--bckerkleidung-bfb.de\/\"},{\"@type\":\"ListItem\",\"position\":2,\"name\":\"Sonderanfertigungen\"}]},{\"@type\":\"WebSite\",\"@id\":\"https:\/\/xn--bckerkleidung-bfb.de\/#website\",\"url\":\"https:\/\/xn--bckerkleidung-bfb.de\/\",\"name\":\"B\u00e4ckerkleidung.de\",\"description\":\"Leos Textilkonzept GmbH &amp; Co. KG\",\"potentialAction\":[{\"@type\":\"SearchAction\",\"target\":{\"@type\":\"EntryPoint\",\"urlTemplate\":\"https:\/\/xn--bckerkleidung-bfb.de\/?s={search_term_string}\"},\"query-input\":\"required name=search_term_string\"}],\"inLanguage\":\"de\"}]}<\/script>\n<!-- \/ Yoast SEO plugin. -->","yoast_head_json":{"title":"Sonderanfertigungen - B\u00e4ckerkleidung.de","robots":{"index":"index","follow":"follow","max-snippet":"max-snippet:-1","max-image-preview":"max-image-preview:large","max-video-preview":"max-video-preview:-1"},"canonical":"https:\/\/xn--bckerkleidung-bfb.de\/index.php\/sonderanfertigungen-2\/","og_locale":"de_DE","og_type":"article","og_title":"Sonderanfertigungen - B\u00e4ckerkleidung.de","og_description":"Unser SortimentIndustrieHandwerkMedizinGastroB\u00e4ckereienGaLaBauSicherheitsschuheWarnschutzEinwegkleidungArbeitshandschuheSonderanfertigungen Zubeh\u00f6rTextildruckStickereiHACCPUV-SchutzMultinormKopfbedeckungenSchutzbrillenAtemschutzKnieschonerSoziale VerantwortungNachhaltigkeitKlimaneutraler Versand","og_url":"https:\/\/xn--bckerkleidung-bfb.de\/index.php\/sonderanfertigungen-2\/","og_site_name":"B\u00e4ckerkleidung.de","article_modified_time":"2023-04-11T09:43:45+00:00","twitter_card":"summary_large_image","twitter_misc":{"Gesch\u00e4tzte Lesezeit":"10\u00a0Minuten"},"schema":{"@context":"https:\/\/schema.org","@graph":[{"@type":"WebPage","@id":"https:\/\/xn--bckerkleidung-bfb.de\/index.php\/sonderanfertigungen-2\/","url":"https:\/\/xn--bckerkleidung-bfb.de\/index.php\/sonderanfertigungen-2\/","name":"Sonderanfertigungen - B\u00e4ckerkleidung.de","isPartOf":{"@id":"https:\/\/xn--bckerkleidung-bfb.de\/#website"},"datePublished":"2023-03-06T12:53:28+00:00","dateModified":"2023-04-11T09:43:45+00:00","breadcrumb":{"@id":"https:\/\/xn--bckerkleidung-bfb.de\/index.php\/sonderanfertigungen-2\/#breadcrumb"},"inLanguage":"de","potentialAction":[{"@type":"ReadAction","target":["https:\/\/xn--bckerkleidung-bfb.de\/index.php\/sonderanfertigungen-2\/"]}]},{"@type":"BreadcrumbList","@id":"https:\/\/xn--bckerkleidung-bfb.de\/index.php\/sonderanfertigungen-2\/#breadcrumb","itemListElement":[{"@type":"ListItem","position":1,"name":"Startseite","item":"https:\/\/xn--bckerkleidung-bfb.de\/"},{"@type":"ListItem","position":2,"name":"Sonderanfertigungen"}]},{"@type":"WebSite","@id":"https:\/\/xn--bckerkleidung-bfb.de\/#website","url":"https:\/\/xn--bckerkleidung-bfb.de\/","name":"B\u00e4ckerkleidung.de","description":"Leos Textilkonzept GmbH &amp; Co. KG","potentialAction":[{"@type":"SearchAction","target":{"@type":"EntryPoint","urlTemplate":"https:\/\/xn--bckerkleidung-bfb.de\/?s={search_term_string}"},"query-input":"required name=search_term_string"}],"inLanguage":"de"}]}},"_links":{"self":[{"href":"https:\/\/xn--bckerkleidung-bfb.de\/index.php\/wp-json\/wp\/v2\/pages\/52783","targetHints":{"allow":["GET"]}}],"collection":[{"href":"https:\/\/xn--bckerkleidung-bfb.de\/index.php\/wp-json\/wp\/v2\/pages"}],"about":[{"href":"https:\/\/xn--bckerkleidung-bfb.de\/index.php\/wp-json\/wp\/v2\/types\/page"}],"author":[{"embeddable":true,"href":"https:\/\/xn--bckerkleidung-bfb.de\/index.php\/wp-json\/wp\/v2\/users\/1"}],"replies":[{"embeddable":true,"href":"https:\/\/xn--bckerkleidung-bfb.de\/index.php\/wp-json\/wp\/v2\/comments?post=52783"}],"version-history":[{"count":10,"href":"https:\/\/xn--bckerkleidung-bfb.de\/index.php\/wp-json\/wp\/v2\/pages\/52783\/revisions"}],"predecessor-version":[{"id":53029,"href":"https:\/\/xn--bckerkleidung-bfb.de\/index.php\/wp-json\/wp\/v2\/pages\/52783\/revisions\/53029"}],"wp:attachment":[{"href":"https:\/\/xn--bckerkleidung-bfb.de\/index.php\/wp-json\/wp\/v2\/media?parent=52783"}],"curies":[{"name":"wp","href":"https:\/\/api.w.org\/{rel}","templated":true}]}}